{"id":5,"date":"2020-12-04T13:39:46","date_gmt":"2020-12-04T13:39:46","guid":{"rendered":"https:\/\/paris-dj-soiree-privee.paris\/index.php\/mesmerize\/"},"modified":"2020-12-04T15:08:31","modified_gmt":"2020-12-04T15:08:31","slug":"mesmerize","status":"publish","type":"page","link":"https:\/\/paris-dj-soiree-privee.paris\/","title":{"rendered":"Accueil"},"content":{"rendered":"<div  id=\"overlappable-1\" data-label=\"Overlappable\" data-id=\"overlappable-7-mc\" data-export-id=\"overlappable-7-mc\" data-category=\"overlappable\" class=\"overlappable-7-mc content-section content-section-spacing\" data-overlap=\"true\"><div  class=\"gridContainer\"> <div  data-type=\"row\" class=\"row shadow\"><div  class=\"col-xs-12 col-sm-6 col-md-3 col-padding-small col-padding-small-xs bg-color-white\"> <div  class=\"text-center\"><div  class=\"col-xs-12 col-sm-fit space-bottom-small-xs\"> <i  class=\"fa fa-refresh icon color-black large\"><\/i><\/div> <div  data-type=\"column\" class=\"col-xs-12 col-sm\"><h4  class=\"\">Accompagnement<\/h4> <p  class=\"\">Notre \u00e9quipe vous accompagne avant et pendant votre \u00e9v\u00e9nement pour vous garantir une soir\u00e9e priv\u00e9e inoubliable.<\/p><\/div> <\/div><\/div> <div  class=\"col-xs-12 col-sm-6 col-md-3 col-padding-small col-padding-small-xs bg-color-white\"><div  class=\"text-center\"> <div  class=\"col-xs-12 col-sm-fit space-bottom-small-xs\"><i  class=\"fa fa-paper-plane icon color-black large\"><\/i><\/div> <div  data-type=\"column\" class=\"col-xs-12 col-sm\"><h4  class=\"\">Professionnalisme<\/h4> <p  class=\"\">Nos dj\u2019s ont plus de 10 ann\u00e9es d\u2019exp\u00e9rience en animation d\u2019\u00e9v\u00e9nements priv\u00e9s \u00e0 Paris et en \u00cele-de-France.<\/p><\/div> <\/div><\/div> <div  class=\"col-xs-12 col-sm-6 col-md-3 col-padding-small col-padding-small-xs bg-color-white\"><div  class=\"text-center\"> <div  class=\"col-xs-12 col-sm-fit space-bottom-small-xs\"><i  class=\"fa fa-shopping-cart icon color-black large\"><\/i><\/div> <div  data-type=\"column\" class=\"col-xs-12 col-sm\"><h4  class=\"\">Animation de soir\u00e9es<\/h4> <p  class=\"\">Profitez d\u2019un grand choix de styles musicaux et d\u2019une animation sur mesure pour une soir\u00e9e dansante m\u00e9morable.<\/p><\/div> <\/div><\/div> <div  class=\"col-xs-12 col-sm-6 col-md-3 col-padding-small col-padding-small-xs bg-color-white\"><div  class=\"text-center\"> <div  class=\"col-xs-12 col-sm-fit space-bottom-small-xs\"><i  class=\"fa fa-heart-o icon color-black large\"><\/i><\/div> <div  data-type=\"column\" class=\"col-xs-12 col-sm\"><h4  class=\"\">Bonne humeur garantie<\/h4> <p  class=\"\">Une \u00e9quipe soud\u00e9e et passionn\u00e9e par leur m\u00e9tier. Transmettre nos valeurs et notre bonne humeur est pour nous une priorit\u00e9.<\/p><\/div> <\/div><\/div> <\/div><\/div> <\/div><div  id=\"about-1\" style=\"background-color: #ffffff;\" data-label=\"About\" data-id=\"about-images-right-section-mc\" data-export-id=\"about-images-right-section-mc\" data-category=\"about\" class=\"about-images-right-section content-section content-section-spacing\"><div  class=\"gridContainer\"> <div  class=\"row middle-sm text-center\"><div  class=\"col-sm-5 content-left-sm\" data-type=\"column\"> <h5  class=\"\">Exigez le meilleur pour votre soir\u00e9e priv\u00e9e \u00e0 Paris<\/h5> <h2  class=\"\">Dj\u2019s &amp; animateurs professionnels<\/h2> <p  class=\"\">Nous connaissons les ingr\u00e9dients n\u00e9cessaires \u00e0 la r\u00e9ussite de votre soir\u00e9e priv\u00e9e. C\u2019est pour cette raison que nous vous accompagnons d\u00e8s les pr\u00e9paratifs de votre \u00e9v\u00e9nement afin de vous proposer une prestation de qualit\u00e9 parfaitement adapt\u00e9e \u00e0 vos besoins et vos envies.\n<br ><br >Du choix de la playlist \u00e0 l\u2019animation sonore du lieu de votre r\u00e9ception, nos experts s\u2019engagent \u00e0 cr\u00e9er une ambiance \u00e0 la hauteur de vos attentes, pour le plus grand plaisir de vos invit\u00e9s !<\/p> <a class=\"button color1\" href=\"#contact-1\" target=\"_self\" data-cp-link=\"1\" rel=\"noopener noreferrer\">NOUS CONTACTER<\/a><\/div> <div  class=\"col-sm-7 space-bottom-xs\"><div  class=\"image-group-side-3-img\"> <img  class=\"topimg shadow-large\" src=\"https:\/\/paris-dj-soiree-privee.paris\/wp-content\/uploads\/2020\/12\/dj-soiree-privee-paris.jpeg\" alt=\"\" title=\"\"> <img  class=\"rightimg shadow-large\" src=\"https:\/\/paris-dj-soiree-privee.paris\/wp-content\/uploads\/2020\/12\/dj-anniversaire-paris.jpg\" alt=\"\" title=\"dj anniversaire paris\"> <div  class=\"leftimg\"> <img  class=\"shadow-large\" src=\"https:\/\/paris-dj-soiree-privee.paris\/wp-content\/uploads\/2020\/12\/dj-paris-afterwork.jpeg\" alt=\"\" title=\"\"><\/div> <\/div><\/div> <\/div><\/div> <\/div><div  id=\"features-10\" style=\"background-color: #f5fafd;\" data-label=\"Features\" data-id=\"features-16-card-bordered\" data-export-id=\"features-16-card-bordered\" data-category=\"features\" class=\"features-16-card-bordered content-section content-section-spacing\"><div  class=\"gridContainer\"> <div  class=\"row text-center\"><div  class=\"section-title-col\" data-type=\"column\"> <h2  class=\"\">Les 3 piliers d\u2019une soir\u00e9e d\u2019exception !<\/h2> <p  class=\"lead\">Car oui, nous ne nous contentons pas seulement d\u2019\u00eatre Dj, nous g\u00e9rons toute votre direction artistique de A \u00e0 Z.<\/p><\/div> <\/div> <div  class=\"row spaced-cols\" data-type=\"row\"> <div  class=\"col-xs-12 col-sm-6 col-md-4\"> <div  class=\"card no-padding bordered y-move\"> <img  class=\"face\" src=\"https:\/\/paris-dj-soiree-privee.paris\/wp-content\/uploads\/2020\/12\/karaoke-paris.jpg\" alt=\"\" title=\"\"> <div  data-type=\"column\" class=\"col-padding-small col-padding-small-xs description-container\"> <h4  class=\"font-500\">Karaok\u00e9<\/h4> <p  class=\"\">Le karaok\u00e9 est devenu un incontournable pour animer une soir\u00e9e priv\u00e9e et cr\u00e9er une ambiance conviviale. Nous disposons de tout le mat\u00e9riel professionnel n\u00e9cessaire pour vous permettre de chanter et vous amuser jusqu\u2019au bout de la nuit.<\/p><\/div> <div  data-type=\"column\" class=\"col-padding-small col-padding-small-xs read-more-container\"><\/div> <\/div><\/div> <div  class=\"col-xs-12 col-sm-6 col-md-4\"><div  class=\"card no-padding bordered y-move\"> <img  class=\"face\" src=\"https:\/\/paris-dj-soiree-privee.paris\/wp-content\/uploads\/2020\/12\/animation-jeu-de-lumieres.jpg\" alt=\"\" title=\"\"> <div  data-type=\"column\" class=\"col-padding-small col-padding-small-xs description-container\"> <h4  class=\"font-500\">Lumi\u00e8re dynamique<\/h4> <p  class=\"\">Nous vous proposons une exp\u00e9rience visuelle unique synchronis\u00e9e au rythme des musiques, pour rajouter une nouvelle dimension indispensable \u00e0 l\u2019animation de votre \u00e9v\u00e9nement.<\/p><\/div> <div  data-type=\"column\" class=\"col-padding-small col-padding-small-xs read-more-container\"><\/div> <\/div><\/div> <div  class=\"col-xs-12 col-sm-6 col-md-4\"><div  class=\"card no-padding bordered y-move\"> <img  class=\"face\" src=\"https:\/\/paris-dj-soiree-privee.paris\/wp-content\/uploads\/2020\/12\/photobooth.jpg\" alt=\"\" title=\"\"> <div  data-type=\"column\" class=\"col-padding-small col-padding-small-xs description-container\"> <h4  class=\"font-500\">Borne photo selfie<\/h4> <p  class=\"\">Immortalisez les meilleurs moments de votre \u00e9v\u00e9nement gr\u00e2ce \u00e0 nos bornes photos selfies et repartez avec des images uniques et d\u2019incroyables souvenirs de votre soir\u00e9e priv\u00e9e !<\/p><\/div> <div  data-type=\"column\" class=\"col-padding-small col-padding-small-xs read-more-container\"><\/div> <\/div><\/div> <\/div><\/div> <\/div><div  id=\"contact-1\" data-label=\"Contact\" data-id=\"contact-1\" data-export-id=\"contact-1\" data-category=\"contact\" class=\"contact-1 content-section content-section-spacing white-text\" data-parallax-depth=\"20\"><div  class=\"gridContainer\"> <div  class=\"row text-center\"><div  class=\"section-title-col\" data-type=\"column\"> <h2  class=\"\">Nous contacter<\/h2> <p  class=\"lead\">Vous souhaitez conna\u00eetre les tarifs de nos prestations ou tout simplement prendre contact avec notre \u00e9quipe pour plus d\u2019informations ? Remplissez d\u00e8s maintenant le formulaire ci-dessous en moins de 2 minutes :<\/p><\/div> <\/div> <div  class=\"row text-center\"> <div  class=\"col-xs-12 col-sm-8 col-sm-offset-2 contact-form-wrapper inline-info\"> <div  class=\"card large-padding\"> <div  class=\"\" data-content-shortcode=\"mesmerize_contact_form shortcode=&quot;contact-form-7 id=&amp;amp;quot;56&amp;amp;quot; title=&amp;amp;quot;Formulaire de contact 1&amp;amp;quot;&quot;\" data-editable=\"true\"><div role=\"form\" class=\"wpcf7\" id=\"wpcf7-f56-o1\" lang=\"fr-FR\" dir=\"ltr\">\n<div class=\"screen-reader-response\"><p role=\"status\" aria-live=\"polite\" aria-atomic=\"true\"><\/p> <ul><\/ul><\/div>\n<form action=\"\/index.php\/wp-json\/wp\/v2\/pages\/5#wpcf7-f56-o1\" method=\"post\" class=\"wpcf7-form init\" novalidate=\"novalidate\" data-status=\"init\">\n<div style=\"display: none;\">\n<input type=\"hidden\" name=\"_wpcf7\" value=\"56\" \/>\n<input type=\"hidden\" name=\"_wpcf7_version\" value=\"5.3\" \/>\n<input type=\"hidden\" name=\"_wpcf7_locale\" value=\"fr_FR\" \/>\n<input type=\"hidden\" name=\"_wpcf7_unit_tag\" value=\"wpcf7-f56-o1\" \/>\n<input type=\"hidden\" name=\"_wpcf7_container_post\" value=\"0\" \/>\n<input type=\"hidden\" name=\"_wpcf7_posted_data_hash\" value=\"\" \/>\n<input type=\"hidden\" name=\"_wpcf7_recaptcha_response\" value=\"\" \/>\n<\/div>\n<p><label> Nom et pr\u00e9nom<br \/>\n    <span class=\"wpcf7-form-control-wrap your-name\"><input type=\"text\" name=\"your-name\" value=\"\" size=\"40\" class=\"wpcf7-form-control wpcf7-text wpcf7-validates-as-required\" aria-required=\"true\" aria-invalid=\"false\" \/><\/span> <\/label><\/p>\n<p><label> Adresse e-mail<br \/>\n    <span class=\"wpcf7-form-control-wrap your-email\"><input type=\"email\" name=\"your-email\" value=\"\" size=\"40\" class=\"wpcf7-form-control wpcf7-text wpcf7-email wpcf7-validates-as-required wpcf7-validates-as-email\" aria-required=\"true\" aria-invalid=\"false\" \/><\/span> <\/label><\/p>\n<p><label> Num\u00e9ro de t\u00e9l\u00e9phone<br \/>\n    <span class=\"wpcf7-form-control-wrap your-phone\"><input type=\"tel\" name=\"your-phone\" value=\"\" size=\"40\" class=\"wpcf7-form-control wpcf7-text wpcf7-tel wpcf7-validates-as-required wpcf7-validates-as-tel\" aria-required=\"true\" aria-invalid=\"false\" \/><\/span> <\/label><\/p>\n<p><label> Votre message (facultatif)<br \/>\n    <span class=\"wpcf7-form-control-wrap your-message\"><textarea name=\"your-message\" cols=\"40\" rows=\"10\" class=\"wpcf7-form-control wpcf7-textarea\" aria-invalid=\"false\"><\/textarea><\/span> <\/label><\/p>\n<p><input type=\"submit\" value=\"Envoyer\" class=\"wpcf7-form-control wpcf7-submit\" \/><\/p>\n<div class=\"wpcf7-response-output\" aria-hidden=\"true\"><\/div><\/form><\/div><\/div><\/div> <\/div><\/div> <\/div><\/div>","protected":false},"excerpt":{"rendered":"<p>Accompagnement Notre \u00e9quipe vous accompagne avant et pendant votre \u00e9v\u00e9nement pour vous garantir une soir\u00e9e priv\u00e9e inoubliable. Professionnalisme Nos dj\u2019s ont plus de 10 ann\u00e9es d\u2019exp\u00e9rience en animation d\u2019\u00e9v\u00e9nements priv\u00e9s \u00e0 Paris et en \u00cele-de-France. Animation de soir\u00e9es Profitez d\u2019un grand choix de styles musicaux et d\u2019une animation sur mesure pour une soir\u00e9e dansante m\u00e9morable.&hellip; <br \/> <a class=\"read-more\" href=\"https:\/\/paris-dj-soiree-privee.paris\/\">Lire la suite<\/a><\/p>\n","protected":false},"author":1,"featured_media":0,"parent":0,"menu_order":0,"comment_status":"closed","ping_status":"closed","template":"page-templates\/homepage.php","meta":[],"yoast_head":"<!-- This site is optimized with the Yoast SEO plugin v15.4 - https:\/\/yoast.com\/wordpress\/plugins\/seo\/ -->\n<title>Dj Soir\u00e9e Priv\u00e9e \u00e0 Paris - Karaok\u00e9 - Lighting - Photobooth<\/title>\n<meta name=\"robots\" content=\"index, follow, max-snippet:-1, max-image-preview:large, max-video-preview:-1\" \/>\n<link rel=\"canonical\" href=\"https:\/\/paris-dj-soiree-privee.paris\/\" \/>\n<meta property=\"og:locale\" content=\"fr_FR\" \/>\n<meta property=\"og:type\" content=\"article\" \/>\n<meta property=\"og:title\" content=\"Dj Soir\u00e9e Priv\u00e9e \u00e0 Paris - Karaok\u00e9 - Lighting - Photobooth\" \/>\n<meta property=\"og:description\" content=\"Accompagnement Notre \u00e9quipe vous accompagne avant et pendant votre \u00e9v\u00e9nement pour vous garantir une soir\u00e9e priv\u00e9e inoubliable. Professionnalisme Nos dj\u2019s ont plus de 10 ann\u00e9es d\u2019exp\u00e9rience en animation d\u2019\u00e9v\u00e9nements priv\u00e9s \u00e0 Paris et en \u00cele-de-France. Animation de soir\u00e9es Profitez d\u2019un grand choix de styles musicaux et d\u2019une animation sur mesure pour une soir\u00e9e dansante m\u00e9morable.&hellip; Lire la suite\" \/>\n<meta property=\"og:url\" content=\"https:\/\/paris-dj-soiree-privee.paris\/\" \/>\n<meta property=\"og:site_name\" content=\"Dj Soir\u00e9e Priv\u00e9e \u00e0 Paris\" \/>\n<meta property=\"article:modified_time\" content=\"2020-12-04T15:08:31+00:00\" \/>\n<meta property=\"og:image\" content=\"https:\/\/paris-dj-soiree-privee.paris\/wp-content\/uploads\/2020\/12\/dj-soiree-privee-paris.jpeg\" \/>\n<meta name=\"twitter:card\" content=\"summary_large_image\" \/>\n<meta name=\"twitter:label1\" content=\"\u00c9crit par\">\n\t<meta name=\"twitter:data1\" content=\"admin\">\n\t<meta name=\"twitter:label2\" content=\"Dur\u00e9e de lecture est.\">\n\t<meta name=\"twitter:data2\" content=\"2 minutes\">\n<script type=\"application\/ld+json\" class=\"yoast-schema-graph\">{\"@context\":\"https:\/\/schema.org\",\"@graph\":[{\"@type\":\"WebSite\",\"@id\":\"https:\/\/paris-dj-soiree-privee.paris\/#website\",\"url\":\"https:\/\/paris-dj-soiree-privee.paris\/\",\"name\":\"Dj Soir\\u00e9e Priv\\u00e9e \\u00e0 Paris\",\"description\":\"Animateur Dj Professionnel\",\"potentialAction\":[{\"@type\":\"SearchAction\",\"target\":\"https:\/\/paris-dj-soiree-privee.paris\/?s={search_term_string}\",\"query-input\":\"required name=search_term_string\"}],\"inLanguage\":\"fr-FR\"},{\"@type\":\"ImageObject\",\"@id\":\"https:\/\/paris-dj-soiree-privee.paris\/#primaryimage\",\"inLanguage\":\"fr-FR\",\"url\":\"https:\/\/paris-dj-soiree-privee.paris\/wp-content\/uploads\/2020\/12\/dj-soiree-privee-paris.jpeg\",\"width\":800,\"height\":533},{\"@type\":\"WebPage\",\"@id\":\"https:\/\/paris-dj-soiree-privee.paris\/#webpage\",\"url\":\"https:\/\/paris-dj-soiree-privee.paris\/\",\"name\":\"Dj Soir\\u00e9e Priv\\u00e9e \\u00e0 Paris - Karaok\\u00e9 - Lighting - Photobooth\",\"isPartOf\":{\"@id\":\"https:\/\/paris-dj-soiree-privee.paris\/#website\"},\"primaryImageOfPage\":{\"@id\":\"https:\/\/paris-dj-soiree-privee.paris\/#primaryimage\"},\"datePublished\":\"2020-12-04T13:39:46+00:00\",\"dateModified\":\"2020-12-04T15:08:31+00:00\",\"inLanguage\":\"fr-FR\",\"potentialAction\":[{\"@type\":\"ReadAction\",\"target\":[\"https:\/\/paris-dj-soiree-privee.paris\/\"]}]}]}<\/script>\n<!-- \/ Yoast SEO plugin. -->","_links":{"self":[{"href":"https:\/\/paris-dj-soiree-privee.paris\/index.php\/wp-json\/wp\/v2\/pages\/5"}],"collection":[{"href":"https:\/\/paris-dj-soiree-privee.paris\/index.php\/wp-json\/wp\/v2\/pages"}],"about":[{"href":"https:\/\/paris-dj-soiree-privee.paris\/index.php\/wp-json\/wp\/v2\/types\/page"}],"author":[{"embeddable":true,"href":"https:\/\/paris-dj-soiree-privee.paris\/index.php\/wp-json\/wp\/v2\/users\/1"}],"replies":[{"embeddable":true,"href":"https:\/\/paris-dj-soiree-privee.paris\/index.php\/wp-json\/wp\/v2\/comments?post=5"}],"version-history":[{"count":19,"href":"https:\/\/paris-dj-soiree-privee.paris\/index.php\/wp-json\/wp\/v2\/pages\/5\/revisions"}],"predecessor-version":[{"id":66,"href":"https:\/\/paris-dj-soiree-privee.paris\/index.php\/wp-json\/wp\/v2\/pages\/5\/revisions\/66"}],"wp:attachment":[{"href":"https:\/\/paris-dj-soiree-privee.paris\/index.php\/wp-json\/wp\/v2\/media?parent=5"}],"curies":[{"name":"wp","href":"https:\/\/api.w.org\/{rel}","templated":true}]}}